{"id":1113,"date":"2023-09-18T14:51:45","date_gmt":"2023-09-18T12:51:45","guid":{"rendered":"https:\/\/www.schmiedgen-raumausstattung.de\/?page_id=1113"},"modified":"2026-03-20T18:23:32","modified_gmt":"2026-03-20T17:23:32","slug":"unser-handwerk","status":"publish","type":"page","link":"https:\/\/www.schmiedgen-raumausstattung.de\/index.php\/unser-handwerk\/","title":{"rendered":"Wir \u00fcber uns"},"content":{"rendered":"\n<p>Die Gr\u00fcndung erfolgte im Jahre 1830 von dem Sattler <strong>Johann Friedrich Wilhelm Schmiedgen<\/strong> (03.06.1796 &#8211; 23.09.1856 ) mit Erwerb des Grundst\u00fcckes und Errichtung eines Wohnhauses mit Werkstatt. An diesem Standortauf befindet sich noch heute der Handwerksbetrieb.<\/p>\n\n\n\n<p>Sein Sohn <strong>Karl Friedrich August Schmiedgen<\/strong> ( 20.01.1829 &#8211; 12.01.1890 ) f\u00fchrte die Sattlerei weiter.<\/p>\n\n\n\n<p>Sein Nachfolger <strong>Herrmann Schmiedgen<\/strong> ( sen.; 07.02.1859 &#8211; 23.09.1937 ) erweiterte 1896 -&#8217;97 das Wohnhaus und baute ein Ladengesch\u00e4ft an. Beginn des Handels mit Lederwaren. Sein Meisterst\u00fcck war ein schweres Arbeitskumt. F\u00fcr die Anfertigung ben\u00f6tigte er nur einen Arbeitstag.<\/p>\n\n\n<div class=\"wp-block-image\">\n<figure class=\"aligncenter is-resized\"><img loading=\"lazy\" decoding=\"async\" width=\"1050\" height=\"1614\" src=\"https:\/\/www.schmiedgen-raumausstattung.de\/wp-content\/uploads\/2026\/03\/homepage004.jpg\" alt=\"\" class=\"wp-image-1296\" style=\"aspect-ratio:0.6505639188731304;width:156px;height:auto\" srcset=\"https:\/\/www.schmiedgen-raumausstattung.de\/wp-content\/uploads\/2026\/03\/homepage004.jpg 1050w, https:\/\/www.schmiedgen-raumausstattung.de\/wp-content\/uploads\/2026\/03\/homepage004-195x300.jpg 195w, https:\/\/www.schmiedgen-raumausstattung.de\/wp-content\/uploads\/2026\/03\/homepage004-666x1024.jpg 666w, https:\/\/www.schmiedgen-raumausstattung.de\/wp-content\/uploads\/2026\/03\/homepage004-768x1181.jpg 768w, https:\/\/www.schmiedgen-raumausstattung.de\/wp-content\/uploads\/2026\/03\/homepage004-999x1536.jpg 999w, https:\/\/www.schmiedgen-raumausstattung.de\/wp-content\/uploads\/2026\/03\/homepage004-508x781.jpg 508w\" sizes=\"auto, (max-width: 1050px) 100vw, 1050px\" \/><\/figure>\n<\/div>\n\n\n<p>Sein Sohn <strong>Hermann Schmiedgen<\/strong> ( jun.; 15.01.1905 &#8211; 24.09.1979 ) legte im Jahr 1922 die Gesellenpr\u00fcfung und 1929 die Meisterpr\u00fcfung im Sattlerhandwerk ab. Zus\u00e4tzlich zu reinen Sattlereiarbeiten begann er mit Neuanfertigung und Aufarbeitung von Polsterm\u00f6bel. Auch Matratzen wurden neu angefertigt. Zum Beispiel stammte die gesamte Erstausstattung mit Matratzen der ehemaligen Kinderheilanstalt in Wippra aus seiner Werkstatt.<\/p>\n\n\n<div class=\"wp-block-image\">\n<figure class=\"aligncenter size-large is-resized\"><img loading=\"lazy\" decoding=\"async\" width=\"747\" height=\"1024\" src=\"https:\/\/www.schmiedgen-raumausstattung.de\/wp-content\/uploads\/2026\/03\/imghpo2009001-1-747x1024.jpg\" alt=\"\" class=\"wp-image-2189\" style=\"aspect-ratio:0.7295093971198437;width:157px;height:auto\" srcset=\"https:\/\/www.schmiedgen-raumausstattung.de\/wp-content\/uploads\/2026\/03\/imghpo2009001-1-747x1024.jpg 747w, https:\/\/www.schmiedgen-raumausstattung.de\/wp-content\/uploads\/2026\/03\/imghpo2009001-1-219x300.jpg 219w, https:\/\/www.schmiedgen-raumausstattung.de\/wp-content\/uploads\/2026\/03\/imghpo2009001-1-768x1053.jpg 768w, https:\/\/www.schmiedgen-raumausstattung.de\/wp-content\/uploads\/2026\/03\/imghpo2009001-1-1121x1536.jpg 1121w, https:\/\/www.schmiedgen-raumausstattung.de\/wp-content\/uploads\/2026\/03\/imghpo2009001-1-1494x2048.jpg 1494w, https:\/\/www.schmiedgen-raumausstattung.de\/wp-content\/uploads\/2026\/03\/imghpo2009001-1-1240x1700.jpg 1240w, https:\/\/www.schmiedgen-raumausstattung.de\/wp-content\/uploads\/2026\/03\/imghpo2009001-1-508x696.jpg 508w, https:\/\/www.schmiedgen-raumausstattung.de\/wp-content\/uploads\/2026\/03\/imghpo2009001-1-scaled.jpg 1868w\" sizes=\"auto, (max-width: 747px) 100vw, 747px\" \/><\/figure>\n<\/div>\n\n\n<p>Sein Sohn <strong>Horst Schmiedgen<\/strong> ( geb. 12.05.1936 ) erlernte noch das Handwerk des Sattlers, aber er erkannte das durch die weitere Mechanisierung der Land- und Forstwirtschaft immer weniger Arbeit im Berufsbild des Sattlers zu finden war. So &#8222;sattelte&#8220; er um und bestand im Jahr 1959 die Meisterpr\u00fcfung im Tapeziererhandwerk, dem Vorl\u00e4ufer des Raumausstatterhandwerks. Seine Hauptt\u00e4tigkeit wurde der Bereich der Polsterarbeiten. Der Handel mit Lederwaren wurde aufrechterhalten und die anfallenden Sattlereiarbeiten auch ausgef\u00fchrt.<\/p>\n\n\n<div class=\"wp-block-image\">\n<figure class=\"aligncenter size-large is-resized\"><img loading=\"lazy\" decoding=\"async\" width=\"541\" height=\"326\" src=\"https:\/\/www.schmiedgen-raumausstattung.de\/wp-content\/uploads\/2026\/03\/homepage101-2.jpg\" alt=\"\" class=\"wp-image-2312\" style=\"width:295px;height:auto\" srcset=\"https:\/\/www.schmiedgen-raumausstattung.de\/wp-content\/uploads\/2026\/03\/homepage101-2.jpg 541w, https:\/\/www.schmiedgen-raumausstattung.de\/wp-content\/uploads\/2026\/03\/homepage101-2-300x181.jpg 300w, https:\/\/www.schmiedgen-raumausstattung.de\/wp-content\/uploads\/2026\/03\/homepage101-2-508x306.jpg 508w\" sizes=\"auto, (max-width: 541px) 100vw, 541px\" \/><\/figure>\n<\/div>\n\n\n<p>Sein Nachfolger <strong>Erik Schmiedgen<\/strong> legte 1989 die Meisterpr\u00fcfung im Raumausstatterhandwerk ab. Ab 1990 wurden alle T\u00e4tigkeitbereiche des Raumausstatterhandwerks in das Leistungsspektrum des Handwerksbetriebes aufgenommen. Sattlereiarbeiten werden weiterhin ausgef\u00fchrt sowie mit Lederwaren und Dekoartikeln gehandelt. 1992 bestand er die Pr\u00fcfung zum &#8222;Betriebswirt des Handwerks&#8220;. Seit 1. Januar 2007 f\u00fchrt er den traditionsreichen Familienbetrieb in 6. Generation.<\/p>\n","protected":false},"excerpt":{"rendered":"<p>Die Gr\u00fcndung erfolgte im Jahre 1830 von dem Sattler Johann Friedrich Wilhelm Schmiedgen (03.06.1796 &#8211; 23.09.1856 ) mit Erwerb des Grundst\u00fcckes und Errichtung eines Wohnhauses mit Werkstatt. An diesem Standortauf befindet sich noch heute der Handwerksbetrieb. Sein Sohn Karl Friedrich August Schmiedgen ( 20.01.1829 &#8211; 12.01.1890 ) f\u00fchrte die Sattlerei weiter. Sein Nachfolger Herrmann Schmiedgen [&hellip;]<\/p>\n","protected":false},"author":1,"featured_media":0,"parent":0,"menu_order":0,"comment_status":"closed","ping_status":"closed","template":"","meta":{"footnotes":""},"class_list":["post-1113","page","type-page","status-publish","hentry"],"_links":{"self":[{"href":"https:\/\/www.schmiedgen-raumausstattung.de\/index.php\/wp-json\/wp\/v2\/pages\/1113","targetHints":{"allow":["GET"]}}],"collection":[{"href":"https:\/\/www.schmiedgen-raumausstattung.de\/index.php\/wp-json\/wp\/v2\/pages"}],"about":[{"href":"https:\/\/www.schmiedgen-raumausstattung.de\/index.php\/wp-json\/wp\/v2\/types\/page"}],"author":[{"embeddable":true,"href":"https:\/\/www.schmiedgen-raumausstattung.de\/index.php\/wp-json\/wp\/v2\/users\/1"}],"replies":[{"embeddable":true,"href":"https:\/\/www.schmiedgen-raumausstattung.de\/index.php\/wp-json\/wp\/v2\/comments?post=1113"}],"version-history":[{"count":9,"href":"https:\/\/www.schmiedgen-raumausstattung.de\/index.php\/wp-json\/wp\/v2\/pages\/1113\/revisions"}],"predecessor-version":[{"id":2316,"href":"https:\/\/www.schmiedgen-raumausstattung.de\/index.php\/wp-json\/wp\/v2\/pages\/1113\/revisions\/2316"}],"wp:attachment":[{"href":"https:\/\/www.schmiedgen-raumausstattung.de\/index.php\/wp-json\/wp\/v2\/media?parent=1113"}],"curies":[{"name":"wp","href":"https:\/\/api.w.org\/{rel}","templated":true}]}}